{"id":2482,"date":"2019-04-13T18:34:52","date_gmt":"2019-04-13T15:34:52","guid":{"rendered":"https:\/\/beautiquecosmeticsintl.com\/store\/product\/creme-regeneratrice\/"},"modified":"2025-03-16T22:45:00","modified_gmt":"2025-03-16T19:45:00","slug":"creme-regeneratrice","status":"publish","type":"product","link":"https:\/\/beautiquecosmeticsintl.com\/store\/product\/creme-regeneratrice\/","title":{"rendered":"Creme Regeneratrice 100ml Conditioner For Dry And Damaged Hair"},"content":{"rendered":"<p><strong>98% NATURAL INGREDIENTS<\/strong><br \/>\n<strong>GLUTEN FREE AND VEGAN<\/strong><\/p>\n<p>Conditioner for dry and damaged hair<br \/>\nBeauty and protection conditioning cream for dry and color-damaged hair<br \/>\nThis conditioning cream repairs dry and damaged hair. It regenerates, smooths and nourishes the hair while restoring shine.<br \/>\nImprove stressed-out tresses with our everyday conditioner for dry or damaged hair. In just minutes, Cr\u00e8me R\u00e9g\u00e9n\u00e9ratrice will hydrate, detangle, strengthen, and protect your tresses with the help of vitamin-rich seaweed, sage, quinoa, and moisturizing jojoba oil. Delicate verbena scent. Hydrates and conditions dry and damaged hair<br \/>\nHelps to detangle<br \/>\nProtects the hair<br \/>\n98% natural ingredients<br \/>\nVegan<br \/>\nCruelty Free<br \/>\nParaben Free<br \/>\nSilicone Free<br \/>\nMineral Oil Free<br \/>\nTalc Free<br \/>\nSulfate Free<br \/>\nColor Protection<br \/>\nGluten Free<br \/>\nParaffin Free<br \/>\nPhthalate Free<\/p>\n","protected":false},"excerpt":{"rendered":"<p>After shampooing, towel-dry the hair and apply section by section, working the cream into the length and ends.<br \/>\nLeave on for 2 to 5 minutes before rinsing thoroughly.<\/p>\n<p><strong>Pro Tips:<\/strong><br \/>\nUse a wide-tooth comb to detangle wet hair while rinsing. This will make styling much easier later.<\/p>\n","protected":false},"featured_media":9549,"comment_status":"closed","ping_status":"closed","template":"","meta":[],"brands":[{"id":87,"name":"Leonor Greyl","slug":"leonor-greyl"}],"_links":{"self":[{"href":"https:\/\/beautiquecosmeticsintl.com\/store\/wp-json\/wp\/v2\/product\/2482"}],"collection":[{"href":"https:\/\/beautiquecosmeticsintl.com\/store\/wp-json\/wp\/v2\/product"}],"about":[{"href":"https:\/\/beautiquecosmeticsintl.com\/store\/wp-json\/wp\/v2\/types\/product"}],"replies":[{"embeddable":true,"href":"https:\/\/beautiquecosmeticsintl.com\/store\/wp-json\/wp\/v2\/comments?post=2482"}],"wp:featuredmedia":[{"embeddable":true,"href":"https:\/\/beautiquecosmeticsintl.com\/store\/wp-json\/wp\/v2\/media\/9549"}],"wp:attachment":[{"href":"https:\/\/beautiquecosmeticsintl.com\/store\/wp-json\/wp\/v2\/media?parent=2482"}],"curies":[{"name":"wp","href":"https:\/\/api.w.org\/{rel}","templated":true}]}}